{"id":827,"date":"2026-01-24T15:18:27","date_gmt":"2026-01-24T15:18:27","guid":{"rendered":"https:\/\/www.autumnfestival.net\/?page_id=827"},"modified":"2026-01-24T17:51:24","modified_gmt":"2026-01-24T17:51:24","slug":"benevoles","status":"publish","type":"page","link":"https:\/\/www.autumnfestival.net\/?page_id=827","title":{"rendered":"B\u00e9n\u00e9voles"},"content":{"rendered":"\t\t<div data-elementor-type=\"wp-page\" data-elementor-id=\"827\" class=\"elementor elementor-827\">\n\t\t\t\t<div class=\"elementor-element elementor-element-e5a2422 e-flex e-con-boxed e-con e-parent\" data-id=\"e5a2422\" data-element_type=\"container\" data-e-type=\"container\" data-settings=\"{&quot;shape_divider_top&quot;:&quot;mountains&quot;}\">\n\t\t\t\t\t<div class=\"e-con-inner\">\n\t\t\t\t<div class=\"elementor-shape elementor-shape-top\" aria-hidden=\"true\" data-negative=\"false\">\n\t\t\t<svg xmlns=\"http:\/\/www.w3.org\/2000\/svg\" viewBox=\"0 0 1000 100\" preserveAspectRatio=\"none\">\n\t<path class=\"elementor-shape-fill\" opacity=\"0.33\" d=\"M473,67.3c-203.9,88.3-263.1-34-320.3,0C66,119.1,0,59.7,0,59.7V0h1000v59.7 c0,0-62.1,26.1-94.9,29.3c-32.8,3.3-62.8-12.3-75.8-22.1C806,49.6,745.3,8.7,694.9,4.7S492.4,59,473,67.3z\"\/>\n\t<path class=\"elementor-shape-fill\" opacity=\"0.66\" d=\"M734,67.3c-45.5,0-77.2-23.2-129.1-39.1c-28.6-8.7-150.3-10.1-254,39.1 s-91.7-34.4-149.2,0C115.7,118.3,0,39.8,0,39.8V0h1000v36.5c0,0-28.2-18.5-92.1-18.5C810.2,18.1,775.7,67.3,734,67.3z\"\/>\n\t<path class=\"elementor-shape-fill\" d=\"M766.1,28.9c-200-57.5-266,65.5-395.1,19.5C242,1.8,242,5.4,184.8,20.6C128,35.8,132.3,44.9,89.9,52.5C28.6,63.7,0,0,0,0 h1000c0,0-9.9,40.9-83.6,48.1S829.6,47,766.1,28.9z\"\/>\n<\/svg>\t\t<\/div>\n\t\t\t\t\t<\/div>\n\t\t\t\t<\/div>\n\t\t<div class=\"elementor-element elementor-element-59e9db8 e-flex e-con-boxed e-con e-parent\" data-id=\"59e9db8\" data-element_type=\"container\" data-e-type=\"container\">\n\t\t\t\t\t<div class=\"e-con-inner\">\n\t\t\t\t\t<\/div>\n\t\t\t\t<\/div>\n\t\t<div class=\"elementor-element elementor-element-0269b8c e-flex e-con-boxed e-con e-parent\" data-id=\"0269b8c\" data-element_type=\"container\" data-e-type=\"container\">\n\t\t\t\t\t<div class=\"e-con-inner\">\n\t\t\t\t<div class=\"elementor-element elementor-element-26a5280 elementor-widget elementor-widget-heading\" data-id=\"26a5280\" data-element_type=\"widget\" data-e-type=\"widget\" data-widget_type=\"heading.default\">\n\t\t\t\t\t<h2 class=\"elementor-heading-title elementor-size-default\">Deviens b\u00e9n\u00e9vole du Autumn Festival<\/h2>\t\t\t\t<\/div>\n\t\t\t\t\t<\/div>\n\t\t\t\t<\/div>\n\t\t<div class=\"elementor-element elementor-element-fc7d4a6 e-flex e-con-boxed e-con e-parent\" data-id=\"fc7d4a6\" data-element_type=\"container\" data-e-type=\"container\">\n\t\t\t\t\t<div class=\"e-con-inner\">\n\t\t\t\t\t<\/div>\n\t\t\t\t<\/div>\n\t\t<div class=\"elementor-element elementor-element-0d60bef e-flex e-con-boxed e-con e-parent\" data-id=\"0d60bef\" data-element_type=\"container\" data-e-type=\"container\">\n\t\t\t\t\t<div class=\"e-con-inner\">\n\t\t\t\t<div class=\"elementor-element elementor-element-9074993 elementor-widget elementor-widget-text-editor\" data-id=\"9074993\" data-element_type=\"widget\" data-e-type=\"widget\" data-widget_type=\"text-editor.default\">\n\t\t\t\t\t\t\t\t\t<p data-start=\"257\" data-end=\"514\">Tu as envie de <strong data-start=\"272\" data-end=\"308\">vivre un festival de l\u2019int\u00e9rieur<\/strong>, de faire de belles rencontres et de contribuer \u00e0 un \u00e9v\u00e9nement qui c\u00e9l\u00e8bre la <strong data-start=\"387\" data-end=\"426\">diversit\u00e9, la culture et le partage<\/strong> ?<br data-start=\"428\" data-end=\"431\" \/>Rejoins notre \u00e9quipe de <strong data-start=\"455\" data-end=\"468\">b\u00e9n\u00e9voles<\/strong> et participe \u00e0 une aventure humaine unique \ud83d\udc9b<\/p><p data-start=\"516\" data-end=\"562\">\u00catre b\u00e9n\u00e9vole au Festival Afro-Suisse, c\u2019est :<\/p><ul data-start=\"563\" data-end=\"959\"><li data-start=\"563\" data-end=\"618\"><p data-start=\"565\" data-end=\"618\">\ud83c\udfb6 Soutenir un \u00e9v\u00e9nement culturel riche et inclusif<\/p><\/li><li data-start=\"619\" data-end=\"691\"><p data-start=\"621\" data-end=\"691\">\ud83e\udd1d Rencontrer des personnes passionn\u00e9es venues d\u2019horizons diff\u00e9rents<\/p><\/li><li data-start=\"692\" data-end=\"782\"><p data-start=\"694\" data-end=\"782\">\ud83c\udf0d Valoriser les cultures afro et suisses dans un esprit de respect et de convivialit\u00e9<\/p><\/li><li data-start=\"783\" data-end=\"908\"><p data-start=\"785\" data-end=\"908\">\ud83d\udcaa Mettre tes talents au service d\u2019un projet collectif (accueil, logistique, artistes, restauration, communication, etc.)<\/p><\/li><li data-start=\"909\" data-end=\"959\"><p data-start=\"911\" data-end=\"959\">\ud83c\udf89 Vivre le festival autrement\u2026 de l\u2019int\u00e9rieur !<\/p><\/li><\/ul><p data-start=\"961\" data-end=\"1155\">Aucune exp\u00e9rience n\u2019est n\u00e9cessaire : <strong data-start=\"998\" data-end=\"1043\">ta motivation, ton sourire et ton \u00e9nergie<\/strong> font toute la diff\u00e9rence.<br data-start=\"1069\" data-end=\"1072\" \/>Que tu sois disponible quelques heures ou tout le week-end, <strong data-start=\"1132\" data-end=\"1154\">chaque aide compte<\/strong>.<\/p>\t\t\t\t\t\t\t\t<\/div>\n\t\t\t\t\t<\/div>\n\t\t\t\t<\/div>\n\t\t<div class=\"elementor-element elementor-element-fbec6ee e-flex e-con-boxed e-con e-parent\" data-id=\"fbec6ee\" data-element_type=\"container\" data-e-type=\"container\">\n\t\t\t\t\t<div class=\"e-con-inner\">\n\t\t\t\t<div class=\"elementor-element elementor-element-fe752c5 elementor-widget elementor-widget-wpforms\" data-id=\"fe752c5\" data-element_type=\"widget\" data-e-type=\"widget\" data-widget_type=\"wpforms.default\">\n\t\t\t\t<div class=\"elementor-widget-container\">\n\t\t\t\t\t<div class=\"wpforms-container wpforms-container-full wpforms-render-modern\" id=\"wpforms-839\"><form id=\"wpforms-form-839\" class=\"wpforms-validate wpforms-form wpforms-ajax-form\" data-formid=\"839\" method=\"post\" enctype=\"multipart\/form-data\" action=\"\/index.php?rest_route=%2Fwp%2Fv2%2Fpages%2F827\" data-token=\"5d85b5a503bb67b8ba1e25121c43d1b4\" data-token-time=\"1777455485\"><noscript class=\"wpforms-error-noscript\">Veuillez activer JavaScript dans votre navigateur pour remplir ce formulaire.<\/noscript><div id=\"wpforms-error-noscript\" style=\"display: none;\">Veuillez activer JavaScript dans votre navigateur pour remplir ce formulaire.<\/div><div class=\"wpforms-field-container\"><div id=\"wpforms-839-field_1-container\" class=\"wpforms-field wpforms-field-name\" data-field-id=\"1\"><fieldset><legend class=\"wpforms-field-label\">Nom <span class=\"wpforms-required-label\" aria-hidden=\"true\">*<\/span><\/legend><div class=\"wpforms-field-row wpforms-field-medium\"><div class=\"wpforms-field-row-block wpforms-first wpforms-one-half\"><input type=\"text\" id=\"wpforms-839-field_1\" class=\"wpforms-field-name-first wpforms-field-required\" name=\"wpforms[fields][1][first]\" aria-errormessage=\"wpforms-839-field_1-error\" required><label for=\"wpforms-839-field_1\" class=\"wpforms-field-sublabel after\">Pr\u00e9nom<\/label><\/div><div class=\"wpforms-field-row-block wpforms-one-half\"><input type=\"text\" id=\"wpforms-839-field_1-last\" class=\"wpforms-field-name-last wpforms-field-required\" name=\"wpforms[fields][1][last]\" aria-errormessage=\"wpforms-839-field_1-last-error\" required><label for=\"wpforms-839-field_1-last\" class=\"wpforms-field-sublabel after\">Nom<\/label><\/div><\/div><\/fieldset><\/div><div id=\"wpforms-839-field_2-container\" class=\"wpforms-field wpforms-field-email\" data-field-id=\"2\"><fieldset><legend class=\"wpforms-field-label\">Email <span class=\"wpforms-required-label\" aria-hidden=\"true\">*<\/span><\/legend><div class=\"wpforms-field-row wpforms-field-medium\"><div class=\"wpforms-field-row-block wpforms-one-half wpforms-first\"><input type=\"email\" id=\"wpforms-839-field_2\" class=\"wpforms-field-required wpforms-field-email-primary\" name=\"wpforms[fields][2][primary]\" spellcheck=\"false\" aria-errormessage=\"wpforms-839-field_2-error\" required><label for=\"wpforms-839-field_2\" class=\"wpforms-field-sublabel after\">E-mail<\/label><\/div><div class=\"wpforms-field-row-block wpforms-one-half\"><input type=\"email\" id=\"wpforms-839-field_2-secondary\" class=\"wpforms-field-email-secondary wpforms-field-required\" data-rule-confirm=\"#wpforms-839-field_2\" name=\"wpforms[fields][2][secondary]\" spellcheck=\"false\" aria-errormessage=\"wpforms-839-field_2-secondary-error\" required><label for=\"wpforms-839-field_2-secondary\" class=\"wpforms-field-sublabel after\">Confirmez l\u2019e-mail<\/label><\/div><\/div><\/fieldset><\/div><div id=\"wpforms-839-field_46-container\" class=\"wpforms-field wpforms-field-text\" data-field-id=\"46\"><label class=\"wpforms-field-label\" for=\"wpforms-839-field_46\">T\u00e9l\u00e9phone <span class=\"wpforms-required-label\" aria-hidden=\"true\">*<\/span><\/label><input type=\"text\" id=\"wpforms-839-field_46\" class=\"wpforms-field-medium wpforms-field-required\" name=\"wpforms[fields][46]\" aria-errormessage=\"wpforms-839-field_46-error\" required><\/div><div id=\"wpforms-839-field_40-container\" class=\"wpforms-field wpforms-field-number\" data-field-id=\"40\"><label class=\"wpforms-field-label\" for=\"wpforms-839-field_40\">Date de naissance<\/label><input type=\"number\" id=\"wpforms-839-field_40\" class=\"wpforms-field-medium\" name=\"wpforms[fields][40]\" step=\"any\" aria-errormessage=\"wpforms-839-field_40-error\" ><\/div>\t\t<div id=\"wpforms-839-field_3-container\"\n\t\t\tclass=\"wpforms-field wpforms-field-text\"\n\t\t\tdata-field-type=\"text\"\n\t\t\tdata-field-id=\"3\"\n\t\t\t>\n\t\t\t<label class=\"wpforms-field-label\" for=\"wpforms-839-field_3\" >naissance te Nous<\/label>\n\t\t\t<input type=\"text\" id=\"wpforms-839-field_3\" class=\"wpforms-field-medium\" name=\"wpforms[fields][3]\" >\n\t\t<\/div>\n\t\t<div id=\"wpforms-839-field_56-container\" class=\"wpforms-field wpforms-field-checkbox\" data-field-id=\"56\"><fieldset><legend class=\"wpforms-field-label\">Pr\u00e9sence <span class=\"wpforms-required-label\" aria-hidden=\"true\">*<\/span><\/legend><ul id=\"wpforms-839-field_56\" class=\"wpforms-field-required\"><li class=\"choice-1 depth-1\"><input type=\"checkbox\" id=\"wpforms-839-field_56_1\" name=\"wpforms[fields][56][]\" value=\"Je serai pr\u00e9sent(e) toute la journ\u00e9e : 12h00 - 00h00 (repas et boissons offerts).\" aria-errormessage=\"wpforms-839-field_56_1-error\" required ><label class=\"wpforms-field-label-inline\" for=\"wpforms-839-field_56_1\">Je serai pr\u00e9sent(e) toute la journ\u00e9e : 12h00 - 00h00 (repas et boissons offerts).<\/label><\/li><li class=\"choice-2 depth-1\"><input type=\"checkbox\" id=\"wpforms-839-field_56_2\" name=\"wpforms[fields][56][]\" value=\"Je serai pr\u00e9sent(e) l&#039;apr\u00e8s-midi :12h00 - 18h00 (repas de midi et boisson offerts).\" aria-errormessage=\"wpforms-839-field_56_2-error\" required ><label class=\"wpforms-field-label-inline\" for=\"wpforms-839-field_56_2\">Je serai pr\u00e9sent(e) l'apr\u00e8s-midi :12h00 - 18h00 (repas de midi et boisson offerts).<\/label><\/li><li class=\"choice-3 depth-1\"><input type=\"checkbox\" id=\"wpforms-839-field_56_3\" name=\"wpforms[fields][56][]\" value=\"Je serai pr\u00e9sent(e) la soir\u00e9e : 18h00 - 00h00 (repas du soir et boisson offerts).\" aria-errormessage=\"wpforms-839-field_56_3-error\" required ><label class=\"wpforms-field-label-inline\" for=\"wpforms-839-field_56_3\">Je serai pr\u00e9sent(e) la soir\u00e9e : 18h00 - 00h00 (repas du soir et boisson offerts).<\/label><\/li><\/ul><\/fieldset><\/div><div id=\"wpforms-839-field_59-container\" class=\"wpforms-field wpforms-field-checkbox\" data-field-id=\"59\"><fieldset><legend class=\"wpforms-field-label\">\u201cMerci pour ton engagement \ud83d\udc9b Nous te contacterons rapidement.\u201d <span class=\"wpforms-required-label\" aria-hidden=\"true\">*<\/span><\/legend><ul id=\"wpforms-839-field_59\" class=\"wpforms-field-required\"><li class=\"choice-1 depth-1\"><input type=\"checkbox\" id=\"wpforms-839-field_59_1\" name=\"wpforms[fields][59][]\" value=\"J\u2019accepte que mes donn\u00e9es soient utilis\u00e9es uniquement dans le cadre de l\u2019organisation de l\u2019\u00e9v\u00e9nement.\" aria-errormessage=\"wpforms-839-field_59_1-error\" required ><label class=\"wpforms-field-label-inline\" for=\"wpforms-839-field_59_1\">J\u2019accepte que mes donn\u00e9es soient utilis\u00e9es uniquement dans le cadre de l\u2019organisation de l\u2019\u00e9v\u00e9nement.<\/label><\/li><\/ul><\/fieldset><\/div><script>\n\t\t\t\t( function() {\n\t\t\t\t\tconst style = document.createElement( 'style' );\n\t\t\t\t\tstyle.appendChild( document.createTextNode( '#wpforms-839-field_3-container { position: absolute !important; overflow: hidden !important; display: inline !important; height: 1px !important; width: 1px !important; z-index: -1000 !important; padding: 0 !important; } #wpforms-839-field_3-container input { visibility: hidden; } #wpforms-conversational-form-page #wpforms-839-field_3-container label { counter-increment: none; }' ) );\n\t\t\t\t\tdocument.head.appendChild( style );\n\t\t\t\t\tdocument.currentScript?.remove();\n\t\t\t\t} )();\n\t\t\t<\/script><\/div><!-- .wpforms-field-container --><div class=\"wpforms-submit-container\" ><input type=\"hidden\" name=\"wpforms[id]\" value=\"839\"><input type=\"hidden\" name=\"page_title\" value=\"\"><input type=\"hidden\" name=\"page_url\" value=\"https:\/\/www.autumnfestival.net\/index.php?rest_route=\/wp\/v2\/pages\/827\"><input type=\"hidden\" name=\"url_referer\" value=\"\"><button type=\"submit\" name=\"wpforms[submit]\" id=\"wpforms-submit-839\" class=\"wpforms-submit\" data-alt-text=\"Sending...\" data-submit-text=\"Submit\" aria-live=\"assertive\" value=\"wpforms-submit\">Submit<\/button><img decoding=\"async\" src=\"https:\/\/www.autumnfestival.net\/wp-content\/plugins\/wpforms-lite\/assets\/images\/submit-spin.svg\" class=\"wpforms-submit-spinner\" style=\"display: none;\" width=\"26\" height=\"26\" alt=\"Chargement en cours\"><\/div><\/form><\/div>  <!-- .wpforms-container -->\t\t\t\t<\/div>\n\t\t\t\t<\/div>\n\t\t\t\t\t<\/div>\n\t\t\t\t<\/div>\n\t\t\t\t<\/div>\n\t\t","protected":false},"excerpt":{"rendered":"<p>Deviens b\u00e9n\u00e9vole du Autumn Festival Tu as envie de vivre un festival de l\u2019int\u00e9rieur, de faire de belles rencontres et de contribuer \u00e0 un \u00e9v\u00e9nement qui c\u00e9l\u00e8bre la diversit\u00e9, la culture et le partage ?Rejoins notre \u00e9quipe de b\u00e9n\u00e9voles et participe \u00e0 une aventure humaine unique \ud83d\udc9b \u00catre b\u00e9n\u00e9vole au Festival Afro-Suisse, c\u2019est : \ud83c\udfb6 [&hellip;]<\/p>\n","protected":false},"author":1,"featured_media":0,"parent":0,"menu_order":0,"comment_status":"closed","ping_status":"closed","template":"elementor_header_footer","meta":{"footnotes":""},"class_list":["post-827","page","type-page","status-publish","hentry"],"_links":{"self":[{"href":"https:\/\/www.autumnfestival.net\/index.php?rest_route=\/wp\/v2\/pages\/827","targetHints":{"allow":["GET"]}}],"collection":[{"href":"https:\/\/www.autumnfestival.net\/index.php?rest_route=\/wp\/v2\/pages"}],"about":[{"href":"https:\/\/www.autumnfestival.net\/index.php?rest_route=\/wp\/v2\/types\/page"}],"author":[{"embeddable":true,"href":"https:\/\/www.autumnfestival.net\/index.php?rest_route=\/wp\/v2\/users\/1"}],"replies":[{"embeddable":true,"href":"https:\/\/www.autumnfestival.net\/index.php?rest_route=%2Fwp%2Fv2%2Fcomments&post=827"}],"version-history":[{"count":13,"href":"https:\/\/www.autumnfestival.net\/index.php?rest_route=\/wp\/v2\/pages\/827\/revisions"}],"predecessor-version":[{"id":849,"href":"https:\/\/www.autumnfestival.net\/index.php?rest_route=\/wp\/v2\/pages\/827\/revisions\/849"}],"wp:attachment":[{"href":"https:\/\/www.autumnfestival.net\/index.php?rest_route=%2Fwp%2Fv2%2Fmedia&parent=827"}],"curies":[{"name":"wp","href":"https:\/\/api.w.org\/{rel}","templated":true}]}}